{"id":6,"date":"2013-03-04T17:01:01","date_gmt":"2013-03-04T16:01:01","guid":{"rendered":"https:\/\/tanzschule.gading.net\/cms\/?page_id=6"},"modified":"2019-10-29T11:09:16","modified_gmt":"2019-10-29T10:09:16","slug":"kontakt-impressum","status":"publish","type":"page","link":"https:\/\/tanzschule.gading.de\/cms\/kontakt-impressum\/","title":{"rendered":"Kontakt \/ Impressum"},"content":{"rendered":"<p>Anja Gading<br \/>\nVorstra\u00dfe 36a<br \/>\n28359 Bremen<br \/>\nTelefon: 0421-445543<br \/>\nTelefax: 0421-43499525<br \/>\nEmail: <a href=\"mailto:tanzschule@gading.de\">tanzschule@gading.de<\/a><\/p>\n<p><b>Haftungshinweis:<\/b><br \/>\nTrotz sorgf\u00e4ltiger inhaltlicher Kontrolle \u00fcbernehmen wir keine Haftung f\u00fcr die Inhalte externer Links. F\u00fcr den Inhalt der verlinkten Seiten sind ausschlie\u00dflich deren Betreiber verantwortlich.<\/p>\n","protected":false},"excerpt":{"rendered":"<p>Anja Gading Vorstra\u00dfe 36a 28359 Bremen Telefon: 0421-445543 Telefax: 0421-43499525 Email: tanzschule@gading.de Haftungshinweis: Trotz sorgf\u00e4ltiger inhaltlicher Kontrolle \u00fcbernehmen wir keine Haftung f\u00fcr die Inhalte externer Links. F\u00fcr den Inhalt der verlinkten Seiten sind ausschlie\u00dflich deren Betreiber verantwortlich.<\/p>\n","protected":false},"author":1,"featured_media":0,"parent":0,"menu_order":0,"comment_status":"closed","ping_status":"closed","template":"","meta":{"footnotes":""},"class_list":["post-6","page","type-page","status-publish","hentry"],"_links":{"self":[{"href":"https:\/\/tanzschule.gading.de\/cms\/wp-json\/wp\/v2\/pages\/6","targetHints":{"allow":["GET"]}}],"collection":[{"href":"https:\/\/tanzschule.gading.de\/cms\/wp-json\/wp\/v2\/pages"}],"about":[{"href":"https:\/\/tanzschule.gading.de\/cms\/wp-json\/wp\/v2\/types\/page"}],"author":[{"embeddable":true,"href":"https:\/\/tanzschule.gading.de\/cms\/wp-json\/wp\/v2\/users\/1"}],"replies":[{"embeddable":true,"href":"https:\/\/tanzschule.gading.de\/cms\/wp-json\/wp\/v2\/comments?post=6"}],"version-history":[{"count":4,"href":"https:\/\/tanzschule.gading.de\/cms\/wp-json\/wp\/v2\/pages\/6\/revisions"}],"predecessor-version":[{"id":365,"href":"https:\/\/tanzschule.gading.de\/cms\/wp-json\/wp\/v2\/pages\/6\/revisions\/365"}],"wp:attachment":[{"href":"https:\/\/tanzschule.gading.de\/cms\/wp-json\/wp\/v2\/media?parent=6"}],"curies":[{"name":"wp","href":"https:\/\/api.w.org\/{rel}","templated":true}]}}